{"id":589,"date":"2023-10-29T17:08:07","date_gmt":"2023-10-29T17:08:07","guid":{"rendered":"https:\/\/estratec360.com\/?page_id=589"},"modified":"2024-04-22T07:07:17","modified_gmt":"2024-04-22T07:07:17","slug":"aviso-legal","status":"publish","type":"page","link":"https:\/\/estratec360.com\/en\/aviso-legal\/","title":{"rendered":"Legal Notice"},"content":{"rendered":"<p>[et_pb_section][et_pb_row][et_pb_column type=\u00bb4_4&#8243;][et_pb_text]<\/p>\n<p><strong>Titularidad<\/strong><\/p>\n<p>En cumplimiento de lo previsto en la Ley 34\/2002, de 11 de julio, de Servicios de la Sociedad de la Informaci\u00f3n y de Comercio Electr\u00f3nico, se informa que el titular de este sitio web es la siguiente entidad:<\/p>\n<p>Estratec360, S.L. (en adelante Estratec360), con NIF B66727264, y domicilio en Av. Diagonal 419 Pral 1\u00aa, 08008 Barcelona, Inscrita en el Registro Mercantil de Barcelona Tomo 45272 Folio 112 hoja 482476<\/p>\n<p>Si desea ponerse en contacto con Estratec360, por favor h\u00e1galo <a href=\"https:\/\/estratec360.com\/contacto\/\">aqu\u00ed<\/a> o en el tel\u00e9fono (+34) 933 803 334.<\/p>\n<p><strong>Aceptaci\u00f3n del aviso legal<\/strong><\/p>\n<p>El acceso a este sitio web o su utilizaci\u00f3n en cualquier forma implica la aceptaci\u00f3n de la totalidad de lo dispuesto en el presente Aviso Legal. Estratec360 se reserva el derecho de modificar en cualquier momento el presente Aviso. En consecuencia, ser\u00e1 responsabilidad de todo Usuario la lectura del Aviso Legal vigente en cada una de las ocasiones en que acceda, por lo que, si \u00e9ste no est\u00e1 de acuerdo con cualquiera de las condiciones aqu\u00ed dispuestas, deber\u00e1 abstenerse respecto al uso del presente sitio web.<\/p>\n<p><strong>Objeto<\/strong><\/p>\n<p>El presente Aviso Legal recoge los t\u00e9rminos y condiciones que regulan el acceso, navegaci\u00f3n y uso del Sitio Web, el suministro y uso de del contenido del Sitio Web, las responsabilidades derivadas del uso del Sitio Web y la prestaci\u00f3n y\/o contrataci\u00f3n de los productos o servicios que, en su caso, puedan ser ofrecidos a trav\u00e9s del Sitio Web. Sin perjuicio de cualquier disposici\u00f3n en contrario, lo anterior no impide que Estratec360 pueda establecer condiciones particulares que regulen la utilizaci\u00f3n, prestaci\u00f3n y\/o contrataci\u00f3n de productos o servicios que, en su caso, sean ofrecidos a los Usuarios a trav\u00e9s del Sitio Web. En todo caso, dichas condiciones particulares formar\u00e1n parte integrante del presente Aviso Legal.<\/p>\n<p>El mero acceso al Sitio Web, la cumplimentaci\u00f3n de formularios, el env\u00edo de solicitudes de informaci\u00f3n, consultas, quejas, ofertas de contrataci\u00f3n, curriculum vitae y, en general, cualquier acto de naturaleza similar a los anteriores realizados a trav\u00e9s de los formularios y\/o buzones electr\u00f3nicos existentes en el Sitio Web implicar\u00e1, por su parte, la aceptaci\u00f3n sin reservas de todas y cada una de las normas integrantes del presente Aviso Legal y la adquisici\u00f3n de la consideraci\u00f3n de Usuario del Sitio Web. En consecuencia, Vd. debe leer atentamente y conocer el contenido del presente Aviso Legal.<\/p>\n<p>En caso de ser ofrecidos, a trav\u00e9s del Sitio Web, la utilizaci\u00f3n, prestaci\u00f3n y\/o contrataci\u00f3n de productos o servicios, el hecho de ser utilizados y\/o solicitados por el Usuario implicar\u00e1, asimismo, la aceptaci\u00f3n sin reservas de las condiciones particulares que, en su caso, hayan sido establecidas al efecto, y que formar\u00e1n parte integrante del presente Aviso Legal.<\/p>\n<p>&nbsp;<\/p>\n<p>[\/et_pb_text][\/et_pb_column][\/et_pb_row][\/et_pb_section]<\/p>\n","protected":false},"excerpt":{"rendered":"<p><div class=\"et_pb_section et_pb_section_0 et_section_regular\" >\n\t\t\t\t\n\t\t\t\t\n\t\t\t\t\n\t\t\t\t\n\t\t\t\t\n\t\t\t\t\n\t\t\t\t\n\t\t\t\t\n\t\t\t\t\n\t\t\t<\/div><div class=\"et_pb_row et_pb_row_0 et_pb_row_empty\">\n\t\t\t\t\n\t\t\t\t\n\t\t\t\t\n\t\t\t\t\n\t\t\t\t\n\t\t\t<\/div><div class=\"et_pb_module et_pb_text et_pb_text_0  et_pb_text_align_left et_pb_bg_layout_light\">\n\t\t\t\t\n\t\t\t\t\n\t\t\t\t\n\t\t\t\t\n\t\t\t\t\n\t\t\t<\/div> Titularidad En cumplimiento de lo previsto en la Ley 34\/2002, de 11 de julio, de Servicios de la Sociedad de la Informaci\u00f3n y de Comercio Electr\u00f3nico, se informa que el titular de este sitio web es la siguiente entidad: Estratec360, S.L. (en adelante Estratec360), con NIF B66727264, y domicilio en Av. Diagonal 419 Pral [&hellip;]<\/p>\n","protected":false},"author":4,"featured_media":0,"parent":0,"menu_order":0,"comment_status":"closed","ping_status":"closed","template":"","meta":{"_et_pb_use_builder":"on","_et_pb_old_content":"<p><strong>Titularidad<\/strong><\/p><p>En cumplimiento de lo previsto en la Ley 34\/2002, de 11 de julio, de Servicios de la Sociedad de la Informaci\u00f3n y de Comercio Electr\u00f3nico, se informa que el titular de este sitio web es la siguiente entidad:<\/p><p>Estratec360, S.L. (en adelante Estratec360), con NIF B66727264, y domicilio en Av. Diagonal 419 Pral 1\u00aa, 08008 Barcelona, Inscrita en el Registro Mercantil de Barcelona Tomo 45272 Folio 112 hoja 482476<\/p><p>Si desea ponerse en contacto con Estratec360, por favor h\u00e1galo <a href=\"https:\/\/estratec360.com\/contacto\/\">aqu\u00ed<\/a> o en el tel\u00e9fono (+34) 933 803 334.<\/p><p><strong>Aceptaci\u00f3n del aviso legal<\/strong><\/p><p>El acceso a este sitio web o su utilizaci\u00f3n en cualquier forma implica la aceptaci\u00f3n de la totalidad de lo dispuesto en el presente Aviso Legal. Estratec360 se reserva el derecho de modificar en cualquier momento el presente Aviso. En consecuencia, ser\u00e1 responsabilidad de todo Usuario la lectura del Aviso Legal vigente en cada una de las ocasiones en que acceda, por lo que, si \u00e9ste no est\u00e1 de acuerdo con cualquiera de las condiciones aqu\u00ed dispuestas, deber\u00e1 abstenerse respecto al uso del presente sitio web.<\/p><p><strong>Objeto<\/strong><\/p><p>El presente Aviso Legal recoge los t\u00e9rminos y condiciones que regulan el acceso, navegaci\u00f3n y uso del Sitio Web, el suministro y uso de del contenido del Sitio Web, las responsabilidades derivadas del uso del Sitio Web y la prestaci\u00f3n y\/o contrataci\u00f3n de los productos o servicios que, en su caso, puedan ser ofrecidos a trav\u00e9s del Sitio Web. Sin perjuicio de cualquier disposici\u00f3n en contrario, lo anterior no impide que Estratec360 pueda establecer condiciones particulares que regulen la utilizaci\u00f3n, prestaci\u00f3n y\/o contrataci\u00f3n de productos o servicios que, en su caso, sean ofrecidos a los Usuarios a trav\u00e9s del Sitio Web. En todo caso, dichas condiciones particulares formar\u00e1n parte integrante del presente Aviso Legal.<\/p><p>El mero acceso al Sitio Web, la cumplimentaci\u00f3n de formularios, el env\u00edo de solicitudes de informaci\u00f3n, consultas, quejas, ofertas de contrataci\u00f3n, curriculum vitae y, en general, cualquier acto de naturaleza similar a los anteriores realizados a trav\u00e9s de los formularios y\/o buzones electr\u00f3nicos existentes en el Sitio Web implicar\u00e1, por su parte, la aceptaci\u00f3n sin reservas de todas y cada una de las normas integrantes del presente Aviso Legal y la adquisici\u00f3n de la consideraci\u00f3n de Usuario del Sitio Web. En consecuencia, Vd. debe leer atentamente y conocer el contenido del presente Aviso Legal.<\/p><p>En caso de ser ofrecidos, a trav\u00e9s del Sitio Web, la utilizaci\u00f3n, prestaci\u00f3n y\/o contrataci\u00f3n de productos o servicios, el hecho de ser utilizados y\/o solicitados por el Usuario implicar\u00e1, asimismo, la aceptaci\u00f3n sin reservas de las condiciones particulares que, en su caso, hayan sido establecidas al efecto, y que formar\u00e1n parte integrante del presente Aviso Legal.<\/p><p>\u00a0<\/p>","_et_gb_content_width":"","footnotes":""},"class_list":["post-589","page","type-page","status-publish","hentry"],"yoast_head":"<!-- This site is optimized with the Yoast SEO plugin v27.1.1 - https:\/\/yoast.com\/product\/yoast-seo-wordpress\/ -->\n<title>Aviso Legal - Estratec360<\/title>\n<meta name=\"robots\" content=\"index, follow, max-snippet:-1, max-image-preview:large, max-video-preview:-1\" \/>\n<link rel=\"canonical\" href=\"https:\/\/estratec360.com\/en\/aviso-legal\/\" \/>\n<meta property=\"og:locale\" content=\"en_GB\" \/>\n<meta property=\"og:type\" content=\"article\" \/>\n<meta property=\"og:title\" content=\"Aviso Legal - Estratec360\" \/>\n<meta property=\"og:description\" content=\"Titularidad En cumplimiento de lo previsto en la Ley 34\/2002, de 11 de julio, de Servicios de la Sociedad de la Informaci\u00f3n y de Comercio Electr\u00f3nico, se informa que el titular de este sitio web es la siguiente entidad: Estratec360, S.L. (en adelante Estratec360), con NIF B66727264, y domicilio en Av. Diagonal 419 Pral [&hellip;]\" \/>\n<meta property=\"og:url\" content=\"https:\/\/estratec360.com\/en\/aviso-legal\/\" \/>\n<meta property=\"og:site_name\" content=\"Estratec360\" \/>\n<meta property=\"article:modified_time\" content=\"2024-04-22T07:07:17+00:00\" \/>\n<meta name=\"twitter:card\" content=\"summary_large_image\" \/>\n<meta name=\"twitter:site\" content=\"@estratec360\" \/>\n<meta name=\"twitter:label1\" content=\"Estimated reading time\" \/>\n\t<meta name=\"twitter:data1\" content=\"3 minutes\" \/>\n<script type=\"application\/ld+json\" class=\"yoast-schema-graph\">{\"@context\":\"https:\/\/schema.org\",\"@graph\":[{\"@type\":\"WebPage\",\"@id\":\"https:\/\/estratec360.com\/aviso-legal\/\",\"url\":\"https:\/\/estratec360.com\/aviso-legal\/\",\"name\":\"Aviso Legal - Estratec360\",\"isPartOf\":{\"@id\":\"https:\/\/estratec360.com\/#website\"},\"datePublished\":\"2023-10-29T17:08:07+00:00\",\"dateModified\":\"2024-04-22T07:07:17+00:00\",\"breadcrumb\":{\"@id\":\"https:\/\/estratec360.com\/aviso-legal\/#breadcrumb\"},\"inLanguage\":\"en-GB\",\"potentialAction\":[{\"@type\":\"ReadAction\",\"target\":[\"https:\/\/estratec360.com\/aviso-legal\/\"]}]},{\"@type\":\"BreadcrumbList\",\"@id\":\"https:\/\/estratec360.com\/aviso-legal\/#breadcrumb\",\"itemListElement\":[{\"@type\":\"ListItem\",\"position\":1,\"name\":\"Portada\",\"item\":\"https:\/\/estratec360.com\/\"},{\"@type\":\"ListItem\",\"position\":2,\"name\":\"Aviso Legal\"}]},{\"@type\":\"WebSite\",\"@id\":\"https:\/\/estratec360.com\/#website\",\"url\":\"https:\/\/estratec360.com\/\",\"name\":\"Estratec360\",\"description\":\"Expertos en ciberseguridad, protecci\u00f3n del dato y automatizaci\u00f3n de procesos\",\"publisher\":{\"@id\":\"https:\/\/estratec360.com\/#organization\"},\"potentialAction\":[{\"@type\":\"SearchAction\",\"target\":{\"@type\":\"EntryPoint\",\"urlTemplate\":\"https:\/\/estratec360.com\/?s={search_term_string}\"},\"query-input\":{\"@type\":\"PropertyValueSpecification\",\"valueRequired\":true,\"valueName\":\"search_term_string\"}}],\"inLanguage\":\"en-GB\"},{\"@type\":\"Organization\",\"@id\":\"https:\/\/estratec360.com\/#organization\",\"name\":\"ESTRATEC360\",\"url\":\"https:\/\/estratec360.com\/\",\"logo\":{\"@type\":\"ImageObject\",\"inLanguage\":\"en-GB\",\"@id\":\"https:\/\/estratec360.com\/#\/schema\/logo\/image\/\",\"url\":\"https:\/\/estratec360.com\/wp-content\/uploads\/Logo_E360_oficial_H01-1.png\",\"contentUrl\":\"https:\/\/estratec360.com\/wp-content\/uploads\/Logo_E360_oficial_H01-1.png\",\"width\":9087,\"height\":2949,\"caption\":\"ESTRATEC360\"},\"image\":{\"@id\":\"https:\/\/estratec360.com\/#\/schema\/logo\/image\/\"},\"sameAs\":[\"https:\/\/x.com\/estratec360\",\"https:\/\/www.linkedin.com\/company\/estratec360\/\"]}]}<\/script>\n<!-- \/ Yoast SEO plugin. -->","yoast_head_json":{"title":"Aviso Legal - Estratec360","robots":{"index":"index","follow":"follow","max-snippet":"max-snippet:-1","max-image-preview":"max-image-preview:large","max-video-preview":"max-video-preview:-1"},"canonical":"https:\/\/estratec360.com\/en\/aviso-legal\/","og_locale":"en_GB","og_type":"article","og_title":"Aviso Legal - Estratec360","og_description":"Titularidad En cumplimiento de lo previsto en la Ley 34\/2002, de 11 de julio, de Servicios de la Sociedad de la Informaci\u00f3n y de Comercio Electr\u00f3nico, se informa que el titular de este sitio web es la siguiente entidad: Estratec360, S.L. (en adelante Estratec360), con NIF B66727264, y domicilio en Av. Diagonal 419 Pral [&hellip;]","og_url":"https:\/\/estratec360.com\/en\/aviso-legal\/","og_site_name":"Estratec360","article_modified_time":"2024-04-22T07:07:17+00:00","twitter_card":"summary_large_image","twitter_site":"@estratec360","twitter_misc":{"Estimated reading time":"3 minutes"},"schema":{"@context":"https:\/\/schema.org","@graph":[{"@type":"WebPage","@id":"https:\/\/estratec360.com\/aviso-legal\/","url":"https:\/\/estratec360.com\/aviso-legal\/","name":"Aviso Legal - Estratec360","isPartOf":{"@id":"https:\/\/estratec360.com\/#website"},"datePublished":"2023-10-29T17:08:07+00:00","dateModified":"2024-04-22T07:07:17+00:00","breadcrumb":{"@id":"https:\/\/estratec360.com\/aviso-legal\/#breadcrumb"},"inLanguage":"en-GB","potentialAction":[{"@type":"ReadAction","target":["https:\/\/estratec360.com\/aviso-legal\/"]}]},{"@type":"BreadcrumbList","@id":"https:\/\/estratec360.com\/aviso-legal\/#breadcrumb","itemListElement":[{"@type":"ListItem","position":1,"name":"Portada","item":"https:\/\/estratec360.com\/"},{"@type":"ListItem","position":2,"name":"Aviso Legal"}]},{"@type":"WebSite","@id":"https:\/\/estratec360.com\/#website","url":"https:\/\/estratec360.com\/","name":"Estratec360","description":"Experts in cybersecurity, data protection, and process automation","publisher":{"@id":"https:\/\/estratec360.com\/#organization"},"potentialAction":[{"@type":"SearchAction","target":{"@type":"EntryPoint","urlTemplate":"https:\/\/estratec360.com\/?s={search_term_string}"},"query-input":{"@type":"PropertyValueSpecification","valueRequired":true,"valueName":"search_term_string"}}],"inLanguage":"en-GB"},{"@type":"Organization","@id":"https:\/\/estratec360.com\/#organization","name":"ESTRATEC360","url":"https:\/\/estratec360.com\/","logo":{"@type":"ImageObject","inLanguage":"en-GB","@id":"https:\/\/estratec360.com\/#\/schema\/logo\/image\/","url":"https:\/\/estratec360.com\/wp-content\/uploads\/Logo_E360_oficial_H01-1.png","contentUrl":"https:\/\/estratec360.com\/wp-content\/uploads\/Logo_E360_oficial_H01-1.png","width":9087,"height":2949,"caption":"ESTRATEC360"},"image":{"@id":"https:\/\/estratec360.com\/#\/schema\/logo\/image\/"},"sameAs":["https:\/\/x.com\/estratec360","https:\/\/www.linkedin.com\/company\/estratec360\/"]}]}},"_links":{"self":[{"href":"https:\/\/estratec360.com\/en\/wp-json\/wp\/v2\/pages\/589","targetHints":{"allow":["GET"]}}],"collection":[{"href":"https:\/\/estratec360.com\/en\/wp-json\/wp\/v2\/pages"}],"about":[{"href":"https:\/\/estratec360.com\/en\/wp-json\/wp\/v2\/types\/page"}],"author":[{"embeddable":true,"href":"https:\/\/estratec360.com\/en\/wp-json\/wp\/v2\/users\/4"}],"replies":[{"embeddable":true,"href":"https:\/\/estratec360.com\/en\/wp-json\/wp\/v2\/comments?post=589"}],"version-history":[{"count":4,"href":"https:\/\/estratec360.com\/en\/wp-json\/wp\/v2\/pages\/589\/revisions"}],"predecessor-version":[{"id":672,"href":"https:\/\/estratec360.com\/en\/wp-json\/wp\/v2\/pages\/589\/revisions\/672"}],"wp:attachment":[{"href":"https:\/\/estratec360.com\/en\/wp-json\/wp\/v2\/media?parent=589"}],"curies":[{"name":"wp","href":"https:\/\/api.w.org\/{rel}","templated":true}]}}